{"id":31,"date":"2020-03-22T07:44:38","date_gmt":"2020-03-22T07:44:38","guid":{"rendered":"https:\/\/www.ees.ee\/?page_id=31"},"modified":"2020-03-22T09:26:34","modified_gmt":"2020-03-22T09:26:34","slug":"pohikiri","status":"publish","type":"page","link":"https:\/\/www.ees.ee\/en\/pohikiri\/","title":{"rendered":"Statute"},"content":{"rendered":"<h2 class=\"wp-block-heading\">MITTETULUNDUS\u00dcHINGU EESTI ENDOKRINOLOOGIA SELTS P\u00d5HIKIRI <\/h2>\n\n\n\n<p> Mittetulundus\u00fchingu \u201eEesti Endokrinoloogia Selts\u201e (edaspidi: Selts) p\u00f5hikiri on kinnitatud 06.02.1999.a. s\u00f5lmitud asutamislepinguga ja muudetud \u00fcldkoosolekul 02.11.2007. <\/p>\n\n\n\n<h3 class=\"wp-block-heading\"> 1. \u00dcLDS\u00c4TTED <\/h3>\n\n\n\n<p>1.1. Seltsi ametlik nimi on \u201e Eest Endokrinoloogia Selts\u201d.  <br>1.2. Seltsi asukohaks on Eesti Vabariik, Tallinn. <br>1.3. Selts on vabatahtlik \u00fchendus, kuhu kuuluvad endokrinoloogid ja endokrinoloogia piiraladega tegelevad arstid. <br>1.4. Seltsi p\u00f5hitegevuseks ei ole majandustegevuse kaudu tulu saamine. <br>1.5. Selts juhindub oma tegevuses Eesti Vabariigi p\u00f5hiseadusest, seadustest, \u00f5igusaktideks ja k\u00e4esolevast p\u00f5hikirjast ning juhtorganite otsusest. <br>1.6. Seltsi majandusaasta algab 1. jaanuaril ja l\u00f5peb 31.detsembril. <br>1.7. Selts on asustatud t\u00e4htajatult.  <\/p>\n\n\n\n<h3 class=\"wp-block-heading\"> 2. TEGEVUSE EESM\u00c4RK, \u00d5IGUSED JA KOHUSTUSED <\/h3>\n\n\n\n<p>2.1. Seltsi tegevuse eesm\u00e4rgiks on rahaliste ja mitterahaliste vahendite kogumine ning jaotamine endokrinoloogia edendamiseks ja oma liikmeskonna erialaste huvide kaitseks, erialaste teadmiste t\u00f5stmine, lahenduste leidmine endokrinoloogia ja selle piiralade teadust\u00f6\u00f6 ja praktika probleemide ning seltsielu arendamine. Selle saavutamiseks Selts: <\/p>\n\n\n\n<p>2.1.1. osaleb tervishoiupoliitika kujundamisel ja teostamisel; <br>2.1.2. viib koost\u00f6\u00f6s Eesti Vabariigi Sotsiaalministeeriumi ja Tartu \u00dclikooliga  endokrinoloogia alase koolituss\u00fcsteemi vastavusse \u00fcldtunnustatud  rahvusvaheliste n\u00f5uetega; <br>2.1.3. korraldab endokrinoloogiaalast tasemekoolitust ja t\u00e4iend\u00f5pet; <br>2.1.4. osaleb endokrinoloogide kvalifikatsioonin\u00f5uete v\u00e4ljat\u00f6\u00f6tamisel,  kvalifikatsiooni hindamisel; <br>2.1.5 annab eksperthinnanguid endokrinoloogiaalastel diagnostika- ja  raviprotseduuride hinna poliitika kujundamisel; <br>2.1.6. loob suhteid teiste kutse- ja ametiliitudega; <br>2.1.7. arendab ja korraldab Seltsi seltsielu; <\/p>\n\n\n\n<p>2.2. Seltsil on \u00f5igus oma p\u00f5hikirjaliste eesm\u00e4rkide saavutamiseks: <\/p>\n\n\n\n<p>2.2.1. kasutada seltsi tulu; <br>2.2.2. omada enda nimel varalisi ja mittevaralisi \u00f5igusi, olla hagejaks ja \/v\u00f5i  kostjaks kohus; <br>2.2.3. kirjastada ja v\u00e4lja anda Seltsi tegevuseks vajalikke tr\u00fckiseid; <br>2.2.4. omada aktsiaid ja teisi v\u00e4\u00e4rpabereid; <br>2.2.5. moodustada Seltsi siseseid sihtotstarbelisi kapitale; <br>2.2.6. asutada juriidilisi isikuid ja moodustada komisjone; <br>2.2.7. omandada, v\u00f5\u00f5randada ja rentida hooneid, rajatisi, seadmeid,  transpordivahendeid, inventari ja muud vara; <br>2.2.8. p\u00f6\u00f6rduda oma \u00f5iguste teostamiseks riigiasutuste, kohaliku omavalitsuse organite ja kohtu poole; <br>2.2.9. saada teavet seaduste, t\u00f6\u00f6lepingute t\u00e4itmise, palga alamm\u00e4\u00e4ra, tarbijahinnaindeksi ning t\u00f6\u00f6tajate majanduslikku ja sotsiaalset olukorda iseloomustavate n\u00e4itajate kohta ning teiste seltsi p\u00f5hikirjalise tegevusega seotud k\u00fcsimustes. <\/p>\n\n\n\n<p>2.3. Seltsil ei ole \u00f5igust: <\/p>\n\n\n\n<p class=\"has-normal-font-size\">2.3.1. jaotada oma vara ega tulu Seltsi liikmete ega nendega seotud isikute vahel; <br>2.3.2. ennast \u00fcmber kujundada teist liiki juriidiliseks isikuks; <br>2.4. Selts kohustub suunama kogu oma tegevuse p\u00f5hikirjalise eesm\u00e4rgi  saavutamiseks, j\u00e4rgides seadust ja p\u00f5hikirja. <\/p>\n\n\n\n<h3 class=\"wp-block-heading\"> 3. SELTSI LIIKMEKS VASTUV\u00d5TMISE JA NING SELTSIST  V\u00c4LJAASTUMISE NING V\u00c4LJAARVAMISE TINGIMUSED JA  KORD <\/h3>\n\n\n\n<p> 3.1 Seltsi liikmeks vastuv\u00f5tmist v\u00f5ib taotleda iga isik, kes soovib arendada  Seltsi eesm\u00e4rkidega koosk\u00f5las olevat tegevust, esitab Seltsi juhatusele  juhatuse poolt kinnitatud vormis kirjaliku avalduse, milles kohustub t\u00e4itma  Seltsi p\u00f5hikirja ja tasub Seltsi \u00fcldkoosoleku poolt kinnitatud  sisseastumismaksu. Sisseastumismaksu ei pea maksma Seltsi  asutajaliikmed. <br>3.2. Seltsi liikmeks vastuv\u00f5tmise otsustab Seltsi juhatus v\u00f5i p\u00f5hikirja punktis  3.6 toodud juhul \u00fcldkoosolek. Juhatus vaatab avalduse l\u00e4bi \u00fche kuu  jooksul, arvates avalduse laekumise p\u00e4evast. Liikmeks vastuv\u00f5tmise  p\u00e4evaks loetakse vastava otsuse tegemise p\u00e4eva. <br>3.3. Juhatus v\u00f5ib keelduda Seltsi liikmeks vastuv\u00f5tmisest. Keeldumise otsus  peab olema motiveeritud ning seitsme p\u00e4eva jooksul selle vastuv\u00f5tmisest  arvates saadetud isikule, keda ei v\u00f5etud Seltsi liikmeks. <br>3.4. Taotlejal on \u00f5igus n\u00f5uda tema liikmeks vastuv\u00f5tmine otsustamist juhatuse  eitavale vastusele j\u00e4rgneval Seltsi \u00fcldkoosolekul. <br>3.5. Seltsist v\u00e4ljaastumiseks esitab liige juhatusele kirjaliku avalduse. Seltsist  saab v\u00e4lja astuda p\u00e4rast kahekuulise etteteatamist\u00e4htaja m\u00f6\u00f6dumist. Seltsi  juhatus kustutab p\u00e4rast nimetatud t\u00e4htaja m\u00f6\u00f6dumist Seltsist v\u00e4ljaastunu  seltsi liikmete nimekirjast. <br>3.6. Seltsi liikme v\u00f5ib Seltsist v\u00e4lja arvata juhatuse otsusega, kui Seltsi liige:  <\/p>\n\n\n\n<p>a) ei ole majandusaasta l\u00f5puks tasunud Seltsi liikmemaksu;  <br>b) ei ole viimase kolme aasta jooksul osalenud \u00fchelgi Seltsi \u00fcldkoosolekul  v\u00f5i Seltsi poolt korraldatud \u00fcritustel;  <br>c) astub Seltsiga samalaadset tegevust arendava mittetulundus\u00fchingu  liikmeks. <\/p>\n\n\n\n<p>3.7. Seltsi liikme v\u00e4ljaarvamise otsustab Seltsi juhatus oma koosolekul,  teatades selle k\u00fcsimuse arutelust v\u00e4ljaarvatavale liikmele kirjalikult  v\u00e4hemalt 2 n\u00e4dalat enne koosoleku toimumist ja tal on \u00f5igus osaleda  s\u00f5na\u00f5igusega oma v\u00e4ljaarvamise k\u00fcsimuse arutamisel juhatuses. Liikme  v\u00e4ljaarvamise otsus on langetatud, kui selle poolt on 3\/5 juhatuse  liikmetest. <br>3.8. Seltsi juhatuse poolt v\u00e4ljaarvatud liikmel on \u00f5igus n\u00f5uda v\u00e4ljaarvamise  otsuse \u00fcmbervaatamist v\u00e4ljaarvamisele j\u00e4rgeval seltsi \u00fcldkoosolekul. <\/p>\n\n\n\n<h3 class=\"wp-block-heading\"> 4. SELTSI LIIKMED NING NENDE \u00d5IGUSED JA KOHUSTUSED <\/h3>\n\n\n\n<p>4.1 Seltsi liikmeks v\u00f5ib olla Eestis tegevusluba omav endokrinoloog ja endokrinoloogia piirala arst. <br>4.2 Seltsi toetajaliikmeks v\u00f5ib olla Eestis registreeritud juriidiline isik v\u00f5i \u00fcksikisik, kes tunnistab Seltsi p\u00f5hikirja n\u00f5udeid ning t\u00e4idab liikmelisusega kaasnevaid kohustusi. <br>4.3 Seltsi auliikmeks v\u00f5ib olla isik, kellel on erilisi teeneid Seltsi ees. Auliikmeks nimetamise ettepaneku teeb juhatus ning kinnitab \u00fcldkoosolek. <br>4.4 Seltsi liikmel ja auliikmel on \u00f5igus: <\/p>\n\n\n\n<p>1) osaleda Seltsi liikmete \u00fcldkoosolekul; <br>2) h\u00e4\u00e4letada ja olla valitud Seltsi juhtorganitesse; <br>3) saada Seltsi juhatuselt teavet Seltsi tegevuse kohta, muuhulgas teha ettepanekuid, 4) tutvuda dokumentidega, esitada arup\u00e4rimisi, osaleda vaatlejana Seltsi juhatuse koosolekul; <br>5) v\u00f5tta osa Seltsi korraldatavatest teadus-, t\u00e4iendus- ja muudest \u00fcritustest; <br>6) taotleda Seltsi kaitset ja volitada Seltsi kaitsma oma kutsealaseid huve; <br>7) Seltsi toetajaliikmetel ei ole k\u00e4esoleva paragrahvi 4 l\u00f5ikes punktides 2, 4 ja 6 toodud \u00f5iguseid <\/p>\n\n\n\n<p>4.5 Seltsi liige on kohustatud:  <\/p>\n\n\n\n<p>a) j\u00e4rgima Seltsi tegevuses osalemisel p\u00f5hikirja ja Seltsi organite  otsuseid;  <br>b) tasuma \u00fcldkoosoleku poolt m\u00e4\u00e4ratud t\u00e4htajaks Seltsi liikmemaksu (seltsi auliige on liikmemaksust vabastatud);  <br>c) teatama Seltsi juhatusele Seltsi liikmete arvestuse pidamiseks oma  elukoha ja aadressi ning isikukoodi ning teatama uued andmed  hiljemalt 2 kuu jooksul p\u00e4rast nende muutumist;  <br>d) tasuma Seltsi liikmemaksu jooksva aasta eest ka siis, kui ta liikmelisus  l\u00f5peb aasta kestel. <\/p>\n\n\n\n<p>4.6 Liikmemaksule ja sisseastumismaksule t\u00e4iendavaid varalisi kohustusi v\u00f5ib  Seltsi liikmele panna ainult \u00fcldkoosoleku otsuse, mille poolt olid k\u00f5ik  Seltsi liikmed, alusel. <\/p>\n\n\n\n<h3 class=\"wp-block-heading\"> 5. \u00dcLDKOOSOLEK <\/h3>\n\n\n\n<p>5.1. Seltsi k\u00f5rgeimaks organiks on seltsi \u00fcldkoosolek, millel igal Seltsi liikmel on \u00fcks h\u00e4\u00e4l. <br>5.2. \u00dcldkoosolek on otsustusv\u00f5imeline, kui sellest v\u00f5tab osa v\u00e4hemalt \u00bd liikmetest. Kui \u00fcldkoosolekule ei ilmunud n\u00f5utav arv liikmeid, tuleb \u00fcldkoosolek uuesti kokku kutsuda sama p\u00e4evakorraga hiljemalt \u00fche kuu jooksul. Teistkordselt kokku kutsutud \u00fcldkoosolek on otsustusv\u00f5imeline, s\u00f5ltumata, kokkutulnud liikmete arvust. <br>5.3. Seltsi \u00fcldkoosoleku p\u00e4devuses on: a) p\u00f5hikirja muutmine; b) eesm\u00e4rgi muutmine c) juhatuse liikmete m\u00e4\u00e4ramine d) juhatuse v\u00f5i muu organi liikmetega tehingu tegemise v\u00f5i tema vastu  n\u00f5ude esitamise otsustamine ja selles tehingus v\u00f5i n\u00f5udes Seltsi  esindaja m\u00e4\u00e4ramine; e) Seltsile kuuluvate kinnisasjade ja registrisse kantavate vallasasjde  v\u00f5\u00f5randamise asja\u00f5iguste koormamise otsustamine ja tingimuste  m\u00e4\u00e4ramine nimetatud tehinguteks, f) muude k\u00fcsimuste otsustamine, mida ei ole seaduse v\u00f5i p\u00f5hikirjaga  antud teiste organite p\u00e4devusse. <br>5.4. Seltsi \u00fchinemise, jagunemise v\u00f5i tegevuse l\u00f5petamise otsus on vastu v\u00f5etud, kui selle poolt on h\u00e4\u00e4letanud 2\/3 \u00fcldkoosolekul osalenud liikmetest. P\u00f5hikirjas etten\u00e4htud eesm\u00e4rgi muutmiseks on vajalik 9\/10 liikmete n\u00f5usolek. Muutmist otsustanud \u00fcldkoosolekul mitteosalenud liikmete n\u00f5usolek peab olema esitatud kirjalikult. \u00dcldkoosoleku muud otsused v\u00f5etakse vastu lahtisel h\u00e4\u00e4letamisel lihth\u00e4\u00e4lteenamusega. <br>5.5. Seltsi \u00fcldkoosoleku kutsub kokku juhatus.  a) aastaaruande kinnitamiseks  b) juhul, kui seda n\u00f5uab kirjalikult ja p\u00f5hjust \u00e4ra n\u00e4idates v\u00e4hemalt 1\/10  Seltsi liikmetest;  c) muudel juhtudel, kui Seltsi huvid seda n\u00f5uavad. <br>5.6. Seltsi \u00fcldkoosoleku kutsub kokku juhatus oma algatusel v\u00f5i kui seda n\u00f5uab kirjalikult ja p\u00f5hjust \u00e4ra tuues 1\/5 Seltsi liikmetest. <br>5.7. \u00dcldkoosoleku kokkukutsumisest teatab Seltsi juhatus v\u00e4hemalt 15 p\u00e4eva  enne koosoleku toimumist, n\u00e4idates \u00e4ra koosoleku toimumise aja, koha ja  p\u00e4evakorra. <br>5.8. Seltsi \u00fcldkoosolek toimub mitte harvem kui \u00fcks kord aastas. <br>5.9. \u00dcldkoosoleku k\u00e4ik, sealhulgas h\u00e4\u00e4letamise tulemused ja vastuv\u00f5etud  otsused protokollitakse. Protokollile kirjutavad alla koosoleku juhataja ja protokollija. Protokolli lahutamaks osaks on koosolekust osav\u00f5tnud Seltsi liikmete nimekiri koos iga\u00fche allkirjaga. <br>5.10. \u00dcldkoosolekut kokku kutsumata v\u00f5ib tema p\u00e4devuses olevates k\u00fcsimustes otsust vastu v\u00f5tta juhul, kui otsuse poolt h\u00e4\u00e4letavad kirjalikult k\u00f5ik Seltsi  liikmed. Selleks saadab juhatus kirjaliku otsuse projekti k\u00f5igile Seltsi liikmetele. Seltsi liikmed peavad teatama kirjalikult oma otsusest juhatusele hiljemalt seitsme p\u00e4eva jooksul. H\u00e4\u00e4letamise tulemused, vastuv\u00f5etud otsus ja selle vastuv\u00f5tmise kuup\u00e4ev tehakse liikmetele teatavaks seitsme p\u00e4eva jooksul viimase h\u00e4\u00e4le saabumise p\u00e4evast arvates <\/p>\n\n\n\n<h3 class=\"wp-block-heading\"> 6. JUHATUS <\/h3>\n\n\n\n<p>6.1 Seltsi tegvust juhib ja esindab 5 liikmeline juhatus, mille valib \u00fcldkoosolek 3 aastaks. <br>6.2 K\u00f5ik juhatuse liikmed v\u00f5ivad esindada Seltsi k\u00f5igis  \u00f5igustoiminguis \u00fcksinda. <br>6.3. Juhatuse esimehe valib juhatus oma liikmete hulgast. <br>6.4. Juhatuse koosolekud toimuvad vastavalt vajadusele, kuid v\u00e4hemalt \u00fcks  kord pooleaasta jooksul. <br>6.5. Juhatuse koosoleku kutsub kokku juhatuse esimees. <br>6.6. Juhatus on otsustusv\u00f5imeline kui kohal on v\u00e4hemalt 3 juhatuse liiget. <br>6.7. Juhatus viib ellu \u00fcldkoosoleku otsused p\u00f5hikirjaliste eesm\u00e4rkide  saavutamiseks. 6.8. Juhatus korraldab ja vastutab aruandluse ja raamatupidamise korraldamise eest vastavalt mittetulundus\u00fchingu seadusele. <br>6.9. Juhatus peab Seltsi liikmete ja liikmemaksude laekumise arvestust. <br>6.10. Seltsi nimel teostatavate tehingute, mille suurus \u00fcletab 100 000 krooni,  sooritamiseks peab juhatus saama \u00fcldkoosoleku eelneva n\u00f5usoleku. <\/p>\n\n\n\n<h3 class=\"wp-block-heading\"> 7. SELTSI VARA JA VAHENDID <\/h3>\n\n\n\n<p>7.1. Seltsi vara ja vahendid tekivad sisseastumis- ja liikmemaksudest. <br>7.2. Varalistest annetustest, kinkidest, eraldistest. <br>7.3. Varalised annetused ja eraldised v\u00f5ivad olla sihtotstarbelised. <br>7.4. Muud p\u00f5hikirjas tuleneva tegevuse kaudu saadud tulud. <br>7.5. Selts vastutab oma varalise kohustuste eest Seltsi varaga. <br>7.6. Seltsi liikmel ei ole \u00f5igust seltsi varale ja vastupidi. <\/p>\n\n\n\n<h3 class=\"wp-block-heading\"> 8. ARUANDLUS JA TEGEVUSE KONTROLLIMINE<\/h3>\n\n\n\n<p>8.1. Seltsi raamatupidamist korraldab juhatus vastavalt raamatupidamisseadusele. <br>8.2. Seltsi tegevuse kontrollimiseks valib \u00fcldkoosolek revisjonikomisjoni. <br>8.3. Revisjonikomisjon valib oma liikmete seast esimehe. <br>8.4. Revisjon viiakse l\u00e4bi v\u00e4hemalt \u00fcks kord aastas kui \u00fcldkoosolek ei otsusta teisiti. 8.5. Revisjoni aruanne esitatakse \u00fcldkoosolekule. <\/p>\n\n\n\n<h3 class=\"wp-block-heading\"> 9. \u00dcHINEMINE, LIKVIDEERIMINE <\/h3>\n\n\n\n<p>9.1. Seltsi \u00fchinemise, tegevuse l\u00f5petamise, likvideerimise otsustab \u00fcldkoosolek. <br>9.2. Seltsi likvideerijateks on juhatuse liikmed, \u00fcldkoosoleku poolt m\u00e4\u00e4ratud  isikud v\u00f5i pankrotihaldur. <br>9.3. \u00dchinemisel l\u00e4heb seltsi vara, \u00f5igused, kohustused moodustuvale uuele  seltsile v\u00f5i \u00fchingule. <br>9.4. Seltsi likvideerimisel \u00fcldkoosoleku otsusega jaotatakse allesj\u00e4\u00e4nud vara v\u00f5rdsete osadena seltsi liikmete vahel. <\/p>","protected":false},"excerpt":{"rendered":"<p>MITTETULUNDUS\u00dcHINGU EESTI ENDOKRINOLOOGIA SELTS P\u00d5HIKIRI Mittetulundus\u00fchingu \u201eEesti Endokrinoloogia Selts\u201e (edaspidi: Selts) p\u00f5hikiri on kinnitatud 06.02.1999.a. s\u00f5lmitud asutamislepinguga ja muudetud \u00fcldkoosolekul 02.11.2007. 1. \u00dcLDS\u00c4TTED 1.1. Seltsi ametlik nimi on \u201e Eest Endokrinoloogia Selts\u201d. 1.2. Seltsi asukohaks on Eesti Vabariik, Tallinn. 1.3. Selts on vabatahtlik \u00fchendus, kuhu kuuluvad endokrinoloogid ja endokrinoloogia piiraladega tegelevad arstid. 1.4. Seltsi p\u00f5hitegevuseks &hellip; <\/p>\n<p class=\"link-more\"><a href=\"https:\/\/www.ees.ee\/en\/pohikiri\/\" class=\"more-link\">Continue reading<span class=\"screen-reader-text\"> &#8220;P\u00f5hikiri&#8221;<\/span><\/a><\/p>","protected":false},"author":1,"featured_media":0,"parent":0,"menu_order":0,"comment_status":"open","ping_status":"closed","template":"","meta":{"footnotes":""},"class_list":["post-31","page","type-page","status-publish","hentry"],"_links":{"self":[{"href":"https:\/\/www.ees.ee\/en\/wp-json\/wp\/v2\/pages\/31","targetHints":{"allow":["GET"]}}],"collection":[{"href":"https:\/\/www.ees.ee\/en\/wp-json\/wp\/v2\/pages"}],"about":[{"href":"https:\/\/www.ees.ee\/en\/wp-json\/wp\/v2\/types\/page"}],"author":[{"embeddable":true,"href":"https:\/\/www.ees.ee\/en\/wp-json\/wp\/v2\/users\/1"}],"replies":[{"embeddable":true,"href":"https:\/\/www.ees.ee\/en\/wp-json\/wp\/v2\/comments?post=31"}],"version-history":[{"count":2,"href":"https:\/\/www.ees.ee\/en\/wp-json\/wp\/v2\/pages\/31\/revisions"}],"predecessor-version":[{"id":41,"href":"https:\/\/www.ees.ee\/en\/wp-json\/wp\/v2\/pages\/31\/revisions\/41"}],"wp:attachment":[{"href":"https:\/\/www.ees.ee\/en\/wp-json\/wp\/v2\/media?parent=31"}],"curies":[{"name":"wp","href":"https:\/\/api.w.org\/{rel}","templated":true}]}}